{"id":10,"date":"2017-09-01T21:56:48","date_gmt":"2017-09-01T19:56:48","guid":{"rendered":"https:\/\/dystintodanza.wordpress.com\/?page_id=6"},"modified":"2024-08-02T10:32:45","modified_gmt":"2024-08-02T10:32:45","slug":"pagina-de-inicio","status":"publish","type":"page","link":"https:\/\/dystintodanza.com\/nuevaweb\/","title":{"rendered":"Escuela de salsa, bachata y otros bailes en Alcobendas y San Sebastian de los Reyes."},"content":{"rendered":"\n<div class=\"wp-block-group\"><div class=\"wp-block-group__inner-container is-layout-flow wp-block-group-is-layout-flow\">\n<h1 class=\"wp-block-heading\">Tu academia de danza en Madrid Norte especializada en ritmos latinos y urbanos. Alquiler de salas y todo tipo de clases de baile.<\/h1>\n\n\n\n<p><\/p>\n<\/div><\/div>\n\n\n\n<p>Ven a visitar nuestra escuela DYSTINTO DANZA en una ubicaci\u00f3n que seguro os va a encantar, en el centro de todo, ubicado entre San Sebasti\u00e1n de los Reyes y Alcobendas, con unas instalaciones de primera ideales para la pr\u00e1ctica del baile! \u00a1Os esperamos! <\/p>\n\n\n\n<h2 class=\"wp-block-heading\">HORARIOS DEL NUEVO CURSO 2024-2025<\/h2>\n\n\n\n<figure class=\"wp-block-image size-large\"><a href=\"https:\/\/dystintodanza.com\/nuevaweb\/wp-content\/uploads\/2024\/08\/horarios-curso-24-25.jpg\"><img loading=\"lazy\" decoding=\"async\" width=\"1024\" height=\"683\" src=\"https:\/\/dystintodanza.com\/nuevaweb\/wp-content\/uploads\/2024\/08\/horarios-curso-24-25-1024x683.jpg\" alt=\"\" class=\"wp-image-1953\" srcset=\"https:\/\/dystintodanza.com\/nuevaweb\/wp-content\/uploads\/2024\/08\/horarios-curso-24-25-1024x683.jpg 1024w, https:\/\/dystintodanza.com\/nuevaweb\/wp-content\/uploads\/2024\/08\/horarios-curso-24-25-300x200.jpg 300w, https:\/\/dystintodanza.com\/nuevaweb\/wp-content\/uploads\/2024\/08\/horarios-curso-24-25-768x512.jpg 768w, https:\/\/dystintodanza.com\/nuevaweb\/wp-content\/uploads\/2024\/08\/horarios-curso-24-25.jpg 1391w\" sizes=\"auto, (max-width: 1024px) 100vw, 1024px\" \/><\/a><\/figure>\n\n\n\n<p><a href=\"https:\/\/dystintodanza.com\/nuevaweb\/horarios-y-precios-clases-de-baile-sanse-alcobendas\/\">Inf\u00f3rmate de horarios y precios aqu\u00ed CURSO 2024-2025<\/a><\/p>\n\n\n\n<h2 class=\"wp-block-heading\">Este mes en Dystinto Danza<\/h2>\n\n\n\n<div class=\"wp-block-columns is-layout-flex wp-container-core-columns-is-layout-9d6595d7 wp-block-columns-is-layout-flex\">\n<div class=\"wp-block-column is-layout-flow wp-block-column-is-layout-flow\" style=\"flex-basis:100%\">\n<div class=\"wp-block-group\"><div class=\"wp-block-group__inner-container is-layout-flow wp-block-group-is-layout-flow\">\n<figure class=\"wp-block-gallery columns-3 is-cropped wp-block-gallery-1 is-layout-flex wp-block-gallery-is-layout-flex\"><ul class=\"blocks-gallery-grid\"><li class=\"blocks-gallery-item\"><figure><a href=\"https:\/\/dystintodanza.com\/nuevaweb\/wp-content\/uploads\/2022\/01\/2master-ELEMAPOUKA-1024x1021.jpg\"><img loading=\"lazy\" decoding=\"async\" width=\"1024\" height=\"1021\" src=\"https:\/\/dystintodanza.com\/nuevaweb\/wp-content\/uploads\/2022\/01\/2master-ELEMAPOUKA-1024x1021.jpg\" alt=\"\" data-id=\"1824\" data-link=\"https:\/\/dystintodanza.com\/nuevaweb\/pagina-de-inicio\/attachment\/2master-elemapouka\/\" class=\"wp-image-1824\" srcset=\"https:\/\/dystintodanza.com\/nuevaweb\/wp-content\/uploads\/2022\/01\/2master-ELEMAPOUKA-1024x1021.jpg 1024w, https:\/\/dystintodanza.com\/nuevaweb\/wp-content\/uploads\/2022\/01\/2master-ELEMAPOUKA-300x300.jpg 300w, https:\/\/dystintodanza.com\/nuevaweb\/wp-content\/uploads\/2022\/01\/2master-ELEMAPOUKA-150x150.jpg 150w, https:\/\/dystintodanza.com\/nuevaweb\/wp-content\/uploads\/2022\/01\/2master-ELEMAPOUKA-768x766.jpg 768w, https:\/\/dystintodanza.com\/nuevaweb\/wp-content\/uploads\/2022\/01\/2master-ELEMAPOUKA.jpg 1500w\" sizes=\"auto, (max-width: 1024px) 100vw, 1024px\" \/><\/a><figcaption class=\"blocks-gallery-item__caption\">Master class TWERK<\/figcaption><\/figure><\/li><li class=\"blocks-gallery-item\"><figure><a href=\"https:\/\/dystintodanza.com\/nuevaweb\/wp-content\/uploads\/2022\/01\/BACHATA-con-Diego-y-Esther-1024x726.jpg\"><img loading=\"lazy\" decoding=\"async\" width=\"1024\" height=\"726\" src=\"https:\/\/dystintodanza.com\/nuevaweb\/wp-content\/uploads\/2022\/01\/BACHATA-con-Diego-y-Esther-1024x726.jpg\" alt=\"\" data-id=\"1825\" data-link=\"https:\/\/dystintodanza.com\/nuevaweb\/pagina-de-inicio\/attachment\/bachata-con-diego-y-esther\/\" class=\"wp-image-1825\" srcset=\"https:\/\/dystintodanza.com\/nuevaweb\/wp-content\/uploads\/2022\/01\/BACHATA-con-Diego-y-Esther-1024x726.jpg 1024w, https:\/\/dystintodanza.com\/nuevaweb\/wp-content\/uploads\/2022\/01\/BACHATA-con-Diego-y-Esther-300x213.jpg 300w, https:\/\/dystintodanza.com\/nuevaweb\/wp-content\/uploads\/2022\/01\/BACHATA-con-Diego-y-Esther-768x545.jpg 768w, https:\/\/dystintodanza.com\/nuevaweb\/wp-content\/uploads\/2022\/01\/BACHATA-con-Diego-y-Esther.jpg 1500w\" sizes=\"auto, (max-width: 1024px) 100vw, 1024px\" \/><\/a><figcaption class=\"blocks-gallery-item__caption\">Clases regulares de BACHATA<\/figcaption><\/figure><\/li><li class=\"blocks-gallery-item\"><figure><a href=\"https:\/\/dystintodanza.com\/nuevaweb\/wp-content\/uploads\/2022\/01\/TWERK-con-zaira.jpg\"><img loading=\"lazy\" decoding=\"async\" width=\"1024\" height=\"726\" src=\"https:\/\/dystintodanza.com\/nuevaweb\/wp-content\/uploads\/2022\/01\/TWERK-con-zaira-1024x726.jpg\" alt=\"\" data-id=\"1827\" data-full-url=\"https:\/\/dystintodanza.com\/nuevaweb\/wp-content\/uploads\/2022\/01\/TWERK-con-zaira.jpg\" data-link=\"https:\/\/dystintodanza.com\/nuevaweb\/pagina-de-inicio\/attachment\/twerk-con-zaira\/\" class=\"wp-image-1827\" srcset=\"https:\/\/dystintodanza.com\/nuevaweb\/wp-content\/uploads\/2022\/01\/TWERK-con-zaira-1024x726.jpg 1024w, https:\/\/dystintodanza.com\/nuevaweb\/wp-content\/uploads\/2022\/01\/TWERK-con-zaira-300x213.jpg 300w, https:\/\/dystintodanza.com\/nuevaweb\/wp-content\/uploads\/2022\/01\/TWERK-con-zaira-768x545.jpg 768w, https:\/\/dystintodanza.com\/nuevaweb\/wp-content\/uploads\/2022\/01\/TWERK-con-zaira.jpg 1500w\" sizes=\"auto, (max-width: 1024px) 100vw, 1024px\" \/><\/a><figcaption class=\"blocks-gallery-item__caption\">Clases regulares de TWERK<\/figcaption><\/figure><\/li><li class=\"blocks-gallery-item\"><figure><a href=\"https:\/\/dystintodanza.com\/nuevaweb\/wp-content\/uploads\/2022\/01\/LATINOS-con-Diego-y-Silvia-1024x726.jpg\"><img loading=\"lazy\" decoding=\"async\" width=\"1024\" height=\"726\" src=\"https:\/\/dystintodanza.com\/nuevaweb\/wp-content\/uploads\/2022\/01\/LATINOS-con-Diego-y-Silvia-1024x726.jpg\" alt=\"\" data-id=\"1826\" data-link=\"https:\/\/dystintodanza.com\/nuevaweb\/pagina-de-inicio\/attachment\/latinos-con-diego-y-silvia\/\" class=\"wp-image-1826\" srcset=\"https:\/\/dystintodanza.com\/nuevaweb\/wp-content\/uploads\/2022\/01\/LATINOS-con-Diego-y-Silvia-1024x726.jpg 1024w, https:\/\/dystintodanza.com\/nuevaweb\/wp-content\/uploads\/2022\/01\/LATINOS-con-Diego-y-Silvia-300x213.jpg 300w, https:\/\/dystintodanza.com\/nuevaweb\/wp-content\/uploads\/2022\/01\/LATINOS-con-Diego-y-Silvia-768x545.jpg 768w, https:\/\/dystintodanza.com\/nuevaweb\/wp-content\/uploads\/2022\/01\/LATINOS-con-Diego-y-Silvia.jpg 1500w\" sizes=\"auto, (max-width: 1024px) 100vw, 1024px\" \/><\/a><figcaption class=\"blocks-gallery-item__caption\">Clases regulares de ritmos latinos<\/figcaption><\/figure><\/li><\/ul><\/figure>\n<\/div><\/div>\n<\/div>\n<\/div>\n\n\n\n<h2 class=\"wp-block-heading\">\u00bfQUE ES DYSTINTO?<\/h2>\n\n\n\n<p>DYSTINTO DANZA es una escuela de baile multidisciplinar situada en Madrid Norte, especializada en clases Salsa, Bachata y otros Ritmos Latinos, danzas urbanas, da<span class=\"text_exposed_show\">nzas para ni\u00f1os y mucho m\u00e1s&#8230; de los hermanos Diego, Silvia y Paloma P\u00e9rez Senis. Adem\u00e1s MULTIESPACIO DYSTINTO es un espacio a tu disposici\u00f3n para hacer tu evento. \u201c<em>Baila Dystinto<\/em>\u201d<\/span><br>Conoce un poco m\u00e1s de Dystinto Danza en el siguiente video :<\/p>\n\n\n\n<figure class=\"wp-block-video wp-block-embed is-type-video is-provider-videopress wp-embed-aspect-16-9 wp-has-aspect-ratio\"><div class=\"wp-block-embed__wrapper\">\n<iframe title=\"VideoPress Video Player\" aria-label='VideoPress Video Player' width='474' height='267' src='https:\/\/video.wordpress.com\/embed\/nEm5HBQp?preloadContent=metadata&amp;hd=0&amp;cover=1' frameborder='0' allowfullscreen allow='clipboard-write'><\/iframe><script src='https:\/\/v0.wordpress.com\/js\/next\/videopress-iframe.js?m=1739540970'><\/script>\n<\/div><figcaption>Conoce un poco m\u00e1s de Dystinto Danza<\/figcaption><\/figure>\n\n\n\n<h2 class=\"wp-block-heading\">Especialistas en clases de Salsa, Bachata y otros Ritmos Latinos<\/h2>\n\n\n\n<p>Clases de <strong>SALSA<\/strong>: cubana, rueda de casino, LA (ON1), NY (ON2), chacha, estilo salsa, son, rumba, afro, pachanga &#8211; Clases de<strong> BACHATA<\/strong>: dominicana, sensual, fusi\u00f3n &#8211; Clases de  <strong>KIZOMBA<\/strong> &#8211; Clases de <strong>ZUMBA<\/strong> &#8211; <\/p>\n\n\n\n<h2 class=\"wp-block-heading\">Otras clases de baile<\/h2>\n\n\n\n<p>Clases de <strong>BAILE PARA NI\u00d1O<\/strong>S &#8211; Clases de <strong> BAILE  DE SAL\u00d3N<\/strong> &#8211; Clases de  <strong>MANTENIMIENTO<\/strong> &#8211; clases de <strong>HIP HOP Y  RITMOS URBANOS<\/strong> &#8211; Clases de <strong> SEVILLANAS, DANZA DEL VIENTRE, CONT\u00c9MPORANEO, PILATES<\/strong> y muchas m\u00e1s disciplinas <\/p>\n\n\n\n<p>CLASES PARTICULARES \/ COREOGRAF\u00cdAS PARA BODAS<br>En horarios de ma\u00f1ana y tarde y noche.<\/p>\n\n\n\n<h2 class=\"wp-block-heading\">TEAM DYSTINTO SON<\/h2>\n\n\n\n<p>Adem\u00e1s dirigen el grupo de competici\u00f3n<a href=\"https:\/\/dystintodanza.com\/nuevaweb\/grupo-dystinto-son\/\"> Dystinto Son<\/a>: actuales <strong>bicampeones de Espa\u00f1a en 2018 y 2019  <\/strong>en grupos entre otros logros  que fusionan la salsa con otros estilos siempre buscando la diferenciaci\u00f3n y potenciando la parte creativa.<\/p>\n\n\n\n<figure class=\"wp-block-embed is-type-video is-provider-youtube wp-block-embed-youtube wp-embed-aspect-16-9 wp-has-aspect-ratio\"><div class=\"wp-block-embed__wrapper\">\n<iframe loading=\"lazy\" title=\"Team Dystinto Son\" width=\"474\" height=\"267\" src=\"https:\/\/www.youtube.com\/embed\/IpZ9UAJP8EQ?feature=oembed\" frameborder=\"0\" allow=\"accelerometer; autoplay; clipboard-write; encrypted-media; gyroscope; picture-in-picture; web-share\" referrerpolicy=\"strict-origin-when-cross-origin\" allowfullscreen><\/iframe>\n<\/div><figcaption>Algunos momentos del grupo Dystinto Son<\/figcaption><\/figure>\n\n\n\n<hr class=\"wp-block-separator\"\/>\n\n\n\n\n\n<p><\/p>\n","protected":false},"excerpt":{"rendered":"<p>Escuela de baile multidisciplinar situada en Madrid Norte (entre San sebastian de los Reyes y Alcobendas), especializada en clases de Salsa, Bachata y otros Ritmos Latinos, danzas urbanas, danzas para ni\u00f1os y mucho m\u00e1s&#8230;<\/p>\n","protected":false},"author":1,"featured_media":1167,"parent":0,"menu_order":1,"comment_status":"closed","ping_status":"closed","template":"","meta":{"footnotes":""},"class_list":["post-10","page","type-page","status-publish","has-post-thumbnail","hentry"],"_links":{"self":[{"href":"https:\/\/dystintodanza.com\/nuevaweb\/wp-json\/wp\/v2\/pages\/10","targetHints":{"allow":["GET"]}}],"collection":[{"href":"https:\/\/dystintodanza.com\/nuevaweb\/wp-json\/wp\/v2\/pages"}],"about":[{"href":"https:\/\/dystintodanza.com\/nuevaweb\/wp-json\/wp\/v2\/types\/page"}],"author":[{"embeddable":true,"href":"https:\/\/dystintodanza.com\/nuevaweb\/wp-json\/wp\/v2\/users\/1"}],"replies":[{"embeddable":true,"href":"https:\/\/dystintodanza.com\/nuevaweb\/wp-json\/wp\/v2\/comments?post=10"}],"version-history":[{"count":15,"href":"https:\/\/dystintodanza.com\/nuevaweb\/wp-json\/wp\/v2\/pages\/10\/revisions"}],"predecessor-version":[{"id":1955,"href":"https:\/\/dystintodanza.com\/nuevaweb\/wp-json\/wp\/v2\/pages\/10\/revisions\/1955"}],"wp:featuredmedia":[{"embeddable":true,"href":"https:\/\/dystintodanza.com\/nuevaweb\/wp-json\/wp\/v2\/media\/1167"}],"wp:attachment":[{"href":"https:\/\/dystintodanza.com\/nuevaweb\/wp-json\/wp\/v2\/media?parent=10"}],"curies":[{"name":"wp","href":"https:\/\/api.w.org\/{rel}","templated":true}]}}