{"id":196,"date":"2017-10-20T23:40:21","date_gmt":"2017-10-20T23:40:21","guid":{"rendered":"https:\/\/dystintodanza.wordpress.com\/?page_id=196"},"modified":"2023-08-03T13:34:31","modified_gmt":"2023-08-03T13:34:31","slug":"condiciones","status":"publish","type":"page","link":"https:\/\/dystintodanza.com\/nuevaweb\/condiciones\/","title":{"rendered":"CONDICIONES ALUMNOS DYSTINTO"},"content":{"rendered":"<p><strong>INFORMACI\u00d3N DE INTER\u00c9S PARA LOS ALUMNOS DE DYSTINTO DANZA<\/strong><\/p>\n<ol>\n<li>Los pagos se efectuar\u00e1n en la primera semana de mes.<\/li>\n<li>Se cobra una <strong>RESERVA DE PLAZA<\/strong> de 20 euros que se abonar\u00e1 junto a la primera mensualidad de clase del curso vigente. Dicha reserva se devolver\u00e1 si el alumno as\u00ed lo desea al final del curso, con la condici\u00f3n indispensable que haya abonado todas las mensualidades del curso, o bien podr\u00e1 mantener esa reserva de plaza para el pr\u00f3ximo.<\/li>\n<li><strong>Recuperaci\u00f3n de clases. <\/strong>El alumno solo podr\u00e1 recuperar una clase dentro de mismo mes natural, entregando justificante medico o de trabajo y previamente avisando al tlf.\/whatsapp 626 27 94 09. S\u00f3lo se podr\u00e1 recuperar en los estilos que haya plaza. Todas las clases son recuperables en cualquiera de nuestros horarios y de otros profesores a consultar con previo aviso por parte del alumno.<\/li>\n<li>Los meses que haya tres d\u00edas de clase la mensualidad se cobrar\u00e1 \u00edntegra puesto que se compensa con otros meses que tienen cinco d\u00edas.<\/li>\n<li>S\u00f3lo se cobrar\u00e1 la parte proporcional de la mensualidad\u00a0 al inicio de las clases del alumno, es decir, en el momento\u00a0 en que\u00a0haga su inscripci\u00f3n (v\u00e1lido para nuevas altas)<\/li>\n<li>Las clases de prueba tienen un coste de 10 euros que se descontar\u00e1n de la mensualidad si el alumno decide quedarse.<\/li>\n<li><strong>Asistencia.\u00a0<\/strong>Si el alumno paga la mensualidad o la clase y no asiste a la misma, no se devuelve en ning\u00fan caso el dinero. Excepto en casos de fuerza mayor debidamente documentado por el alumno.<\/li>\n<\/ol>\n<p>Gracias por vuestra confianza.<\/p>\n<p><img loading=\"lazy\" decoding=\"async\" class=\"  wp-image-371 aligncenter\" src=\"https:\/\/dystintodanza.com\/nuevaweb\/wp-content\/uploads\/2018\/08\/logo-dystinto-new.png\" alt=\"logo dystinto new\" width=\"313\" height=\"247\" \/><\/p>\n","protected":false},"excerpt":{"rendered":"<p>INFORMACI\u00d3N DE INTER\u00c9S PARA LOS ALUMNOS DE DYSTINTO DANZA Los pagos se efectuar\u00e1n en la primera semana de mes. Se cobra una RESERVA DE PLAZA de 20 euros que se abonar\u00e1 junto a la primera mensualidad de clase del curso vigente. Dicha reserva se devolver\u00e1 si el alumno as\u00ed lo desea al final del curso, &hellip; <a href=\"https:\/\/dystintodanza.com\/nuevaweb\/condiciones\/\" class=\"more-link\">Seguir leyendo <span class=\"screen-reader-text\">CONDICIONES ALUMNOS DYSTINTO<\/span> <span class=\"meta-nav\">&rarr;<\/span><\/a><\/p>\n","protected":false},"author":1,"featured_media":0,"parent":0,"menu_order":0,"comment_status":"closed","ping_status":"closed","template":"","meta":{"footnotes":""},"class_list":["post-196","page","type-page","status-publish","hentry"],"_links":{"self":[{"href":"https:\/\/dystintodanza.com\/nuevaweb\/wp-json\/wp\/v2\/pages\/196","targetHints":{"allow":["GET"]}}],"collection":[{"href":"https:\/\/dystintodanza.com\/nuevaweb\/wp-json\/wp\/v2\/pages"}],"about":[{"href":"https:\/\/dystintodanza.com\/nuevaweb\/wp-json\/wp\/v2\/types\/page"}],"author":[{"embeddable":true,"href":"https:\/\/dystintodanza.com\/nuevaweb\/wp-json\/wp\/v2\/users\/1"}],"replies":[{"embeddable":true,"href":"https:\/\/dystintodanza.com\/nuevaweb\/wp-json\/wp\/v2\/comments?post=196"}],"version-history":[{"count":5,"href":"https:\/\/dystintodanza.com\/nuevaweb\/wp-json\/wp\/v2\/pages\/196\/revisions"}],"predecessor-version":[{"id":1949,"href":"https:\/\/dystintodanza.com\/nuevaweb\/wp-json\/wp\/v2\/pages\/196\/revisions\/1949"}],"wp:attachment":[{"href":"https:\/\/dystintodanza.com\/nuevaweb\/wp-json\/wp\/v2\/media?parent=196"}],"curies":[{"name":"wp","href":"https:\/\/api.w.org\/{rel}","templated":true}]}}