{"id":601,"date":"2020-05-01T01:45:28","date_gmt":"2020-04-30T23:45:28","guid":{"rendered":"http:\/\/dystintodanza.com\/?page_id=601"},"modified":"2020-05-01T01:45:28","modified_gmt":"2020-04-30T23:45:28","slug":"bailar","status":"publish","type":"page","link":"https:\/\/dystintodanza.com\/nuevaweb\/bailar\/","title":{"rendered":"Todo sobre los bailes y danzas del mundo"},"content":{"rendered":"\n<p>En la wiki del baile podr\u00e1s encontrar toda la informaci\u00f3n relativa a los diferentes tipos de baile \u00bfEmpezamos?<\/p>\n\n\n\n<h2 class=\"wp-block-heading\">\u00bfCUAL ES TU RITMO?<\/h2>\n\n\n\n<div class=\"wp-block-group\"><div class=\"wp-block-group__inner-container is-layout-flow wp-block-group-is-layout-flow\">\n<div class=\"wp-block-group\"><div class=\"wp-block-group__inner-container is-layout-flow wp-block-group-is-layout-flow\">\n<figure class=\"wp-block-table aligncenter is-style-stripes\"><table class=\"has-subtle-light-gray-background-color has-background\"><tbody><tr><td><a href=\"https:\/\/dystintodanza.com\/nuevaweb\/bailar\/bachata\/\"><img loading=\"lazy\" decoding=\"async\" width=\"150\" height=\"150\" class=\"wp-image-636\" style=\"width:150px;\" src=\"https:\/\/dystintodanza.com\/nuevaweb\/wp-content\/uploads\/2020\/05\/img-bachata-1.jpg\" alt=\"\" srcset=\"https:\/\/dystintodanza.com\/nuevaweb\/wp-content\/uploads\/2020\/05\/img-bachata-1.jpg 400w, https:\/\/dystintodanza.com\/nuevaweb\/wp-content\/uploads\/2020\/05\/img-bachata-1-300x300.jpg 300w, https:\/\/dystintodanza.com\/nuevaweb\/wp-content\/uploads\/2020\/05\/img-bachata-1-150x150.jpg 150w\" sizes=\"auto, (max-width: 150px) 100vw, 150px\" \/><\/a><\/td><td><a href=\"https:\/\/dystintodanza.com\/nuevaweb\/salsa\/\"><img loading=\"lazy\" decoding=\"async\" width=\"150\" height=\"150\" class=\"wp-image-638\" style=\"width:150px;\" src=\"https:\/\/dystintodanza.com\/nuevaweb\/wp-content\/uploads\/2020\/05\/img-salsa-1.jpg\" alt=\"undefined\" srcset=\"https:\/\/dystintodanza.com\/nuevaweb\/wp-content\/uploads\/2020\/05\/img-salsa-1.jpg 400w, https:\/\/dystintodanza.com\/nuevaweb\/wp-content\/uploads\/2020\/05\/img-salsa-1-300x300.jpg 300w, https:\/\/dystintodanza.com\/nuevaweb\/wp-content\/uploads\/2020\/05\/img-salsa-1-150x150.jpg 150w\" sizes=\"auto, (max-width: 150px) 100vw, 150px\" \/><\/a><\/td><td><a href=\"https:\/\/dystintodanza.com\/nuevaweb\/bailar\/kizomba\/\"><img loading=\"lazy\" decoding=\"async\" width=\"150\" height=\"150\" class=\"wp-image-637\" style=\"width:150px;\" src=\"https:\/\/dystintodanza.com\/nuevaweb\/wp-content\/uploads\/2020\/05\/img-kizomba-1.jpg\" alt=\"undefined\" srcset=\"https:\/\/dystintodanza.com\/nuevaweb\/wp-content\/uploads\/2020\/05\/img-kizomba-1.jpg 400w, https:\/\/dystintodanza.com\/nuevaweb\/wp-content\/uploads\/2020\/05\/img-kizomba-1-300x300.jpg 300w, https:\/\/dystintodanza.com\/nuevaweb\/wp-content\/uploads\/2020\/05\/img-kizomba-1-150x150.jpg 150w\" sizes=\"auto, (max-width: 150px) 100vw, 150px\" \/><\/a><\/td><\/tr><tr><td><a href=\"https:\/\/dystintodanza.com\/nuevaweb\/bailar\/danzas-urbanas\/\"><img loading=\"lazy\" decoding=\"async\" width=\"150\" height=\"150\" class=\"wp-image-812\" style=\"width:150px;\" src=\"https:\/\/dystintodanza.com\/nuevaweb\/wp-content\/uploads\/2020\/05\/img-danzas-urbanas-1.jpg\" alt=\"undefined\" srcset=\"https:\/\/dystintodanza.com\/nuevaweb\/wp-content\/uploads\/2020\/05\/img-danzas-urbanas-1.jpg 400w, https:\/\/dystintodanza.com\/nuevaweb\/wp-content\/uploads\/2020\/05\/img-danzas-urbanas-1-300x300.jpg 300w, https:\/\/dystintodanza.com\/nuevaweb\/wp-content\/uploads\/2020\/05\/img-danzas-urbanas-1-150x150.jpg 150w\" sizes=\"auto, (max-width: 150px) 100vw, 150px\" \/><\/a><\/td><td><a href=\"https:\/\/dystintodanza.com\/nuevaweb\/bailes-de-salon\/\"><img loading=\"lazy\" decoding=\"async\" width=\"150\" height=\"150\" class=\"wp-image-811\" style=\"width:150px;\" src=\"https:\/\/dystintodanza.com\/nuevaweb\/wp-content\/uploads\/2020\/05\/img-bailes-de-salon.jpg\" alt=\"undefined\" srcset=\"https:\/\/dystintodanza.com\/nuevaweb\/wp-content\/uploads\/2020\/05\/img-bailes-de-salon.jpg 400w, https:\/\/dystintodanza.com\/nuevaweb\/wp-content\/uploads\/2020\/05\/img-bailes-de-salon-300x300.jpg 300w, https:\/\/dystintodanza.com\/nuevaweb\/wp-content\/uploads\/2020\/05\/img-bailes-de-salon-150x150.jpg 150w\" sizes=\"auto, (max-width: 150px) 100vw, 150px\" \/><\/a><\/td><td><a href=\"https:\/\/dystintodanza.com\/nuevaweb\/bailes-americanos\/\"><img loading=\"lazy\" decoding=\"async\" width=\"150\" height=\"150\" class=\"wp-image-809\" style=\"width:150px;\" src=\"https:\/\/dystintodanza.com\/nuevaweb\/wp-content\/uploads\/2020\/05\/img-bailes-americanos.jpg\" alt=\"undefined\" srcset=\"https:\/\/dystintodanza.com\/nuevaweb\/wp-content\/uploads\/2020\/05\/img-bailes-americanos.jpg 400w, https:\/\/dystintodanza.com\/nuevaweb\/wp-content\/uploads\/2020\/05\/img-bailes-americanos-300x300.jpg 300w, https:\/\/dystintodanza.com\/nuevaweb\/wp-content\/uploads\/2020\/05\/img-bailes-americanos-150x150.jpg 150w\" sizes=\"auto, (max-width: 150px) 100vw, 150px\" \/><\/a><\/td><\/tr><\/tbody><\/table><figcaption>Elige tu estilo de baile<\/figcaption><\/figure>\n\n\n\n<p><\/p>\n<\/div><\/div>\n<\/div><\/div>\n\n\n\n<h2 class=\"wp-block-heading\">Los bailes latinos est\u00e1n de moda<\/h2>\n\n\n\n<p>Hoy m\u00e1s que nunca est\u00e1n de moda los ritmos latinos como la <a href=\"https:\/\/dystintodanza.com\/nuevaweb\/2020\/05\/01\/salsa\/\">salsa<\/a>, la <a href=\"https:\/\/dystintodanza.com\/nuevaweb\/bailar\/bachata\/\">bachata<\/a> o la <a href=\"https:\/\/dystintodanza.com\/nuevaweb\/bailar\/kizomba\/\">kizomba<\/a>. Sus m\u00fasica animada y pegadiza y su car\u00e1cter social  hacen que cada vez m\u00e1s gente de todas las edades se interesen cada d\u00eda m\u00e1s por estos ritmos.<\/p>\n\n\n\n<div class=\"wp-block-image\"><figure class=\"aligncenter size-large\"><img loading=\"lazy\" decoding=\"async\" width=\"824\" height=\"486\" src=\"https:\/\/dystintodanza.com\/nuevaweb\/wp-content\/uploads\/2020\/05\/bailando-salsa-en-salsoteca.jpg?w=824\" alt=\"Bailando salsa en salsoteca\" class=\"wp-image-688\" srcset=\"https:\/\/dystintodanza.com\/nuevaweb\/wp-content\/uploads\/2020\/05\/bailando-salsa-en-salsoteca.jpg 824w, https:\/\/dystintodanza.com\/nuevaweb\/wp-content\/uploads\/2020\/05\/bailando-salsa-en-salsoteca-300x177.jpg 300w, https:\/\/dystintodanza.com\/nuevaweb\/wp-content\/uploads\/2020\/05\/bailando-salsa-en-salsoteca-768x453.jpg 768w\" sizes=\"auto, (max-width: 824px) 100vw, 824px\" \/><figcaption>Salsoteca de Madrid<\/figcaption><\/figure><\/div>\n\n\n\n<h2 class=\"wp-block-heading\">Un cl\u00e1sico de siempre; los bailes de sal\u00f3n<\/h2>\n\n\n\n<p>Con una gran variedad de bailes como el Tango, el paso doble o el swing los bailes de sal\u00f3n siguen siendo la opci\u00f3n preferida a la hora de bailar para mucha gente. Si quieres saber m\u00e1s sobre este baile haz <a href=\"https:\/\/dystintodanza.com\/nuevaweb\/bailes-de-salon\/\">click aqu\u00ed<\/a> para ver el art\u00edculo completo.<\/p>\n\n\n\n<div class=\"wp-block-image\"><figure class=\"aligncenter size-large\"><img loading=\"lazy\" decoding=\"async\" width=\"479\" height=\"270\" src=\"https:\/\/dystintodanza.com\/nuevaweb\/wp-content\/uploads\/2020\/05\/pareja-baile-de-salon.jpg?w=479\" alt=\"\" class=\"wp-image-690\" srcset=\"https:\/\/dystintodanza.com\/nuevaweb\/wp-content\/uploads\/2020\/05\/pareja-baile-de-salon.jpg 479w, https:\/\/dystintodanza.com\/nuevaweb\/wp-content\/uploads\/2020\/05\/pareja-baile-de-salon-300x169.jpg 300w\" sizes=\"auto, (max-width: 479px) 100vw, 479px\" \/><figcaption>Pareja de bailes de sal\u00f3n<\/figcaption><\/figure><\/div>\n\n\n\n<h2 class=\"wp-block-heading\">Danzas urbanas<\/h2>\n\n\n\n<p>Las  \u201cDanzas Urbanas\u201d, o m\u00e1s conocido por el el t\u00e9rmino popular Hip Hop  se refiere a los diferentes estilos de danza callejeros surgidos a partir de los a\u00f1os 70 principalmente en los EEUU.<br>Abarca distintos estilos: Hip-Hop, Locking, Popping, Break Dance, Funk Styles\u2026 Siendo est\u00e1 una danza en continua evoluci\u00f3n e influenciada por muchos estilos, caracterizada principalmente por la gran libertad de movimientos , creatividad y por romper los esquemas de la danza cl\u00e1sica. Si quieres saber m\u00e1s sobre este baile haz <a href=\"https:\/\/dystintodanza.com\/nuevaweb\/bailar\/danzas-urbanas\/\">click aqu\u00ed<\/a> para ver el art\u00edculo completo.<\/p>\n\n\n\n<div class=\"wp-block-image\"><figure class=\"aligncenter size-large\"><img loading=\"lazy\" decoding=\"async\" width=\"946\" height=\"414\" src=\"https:\/\/dystintodanza.com\/nuevaweb\/wp-content\/uploads\/2020\/05\/bailando-hip-hop.jpg?w=946\" alt=\"Chico bailando hip hop\" class=\"wp-image-691\" srcset=\"https:\/\/dystintodanza.com\/nuevaweb\/wp-content\/uploads\/2020\/05\/bailando-hip-hop.jpg 946w, https:\/\/dystintodanza.com\/nuevaweb\/wp-content\/uploads\/2020\/05\/bailando-hip-hop-300x131.jpg 300w, https:\/\/dystintodanza.com\/nuevaweb\/wp-content\/uploads\/2020\/05\/bailando-hip-hop-768x336.jpg 768w\" sizes=\"auto, (max-width: 946px) 100vw, 946px\" \/><figcaption>BreaK Dance Flips<\/figcaption><\/figure><\/div>\n\n\n\n<h2 class=\"wp-block-heading\">Shuffle, el baile que arrasa en las redes<\/h2>\n\n\n\n<p>El shuffle hoy en d\u00eda es un verdadero fen\u00f3meno mundial grac\u00edas principalmente a redes sociales como Instagram y Youtube,  arrasa en las pistas de baile y tiene como  protagonista a los incre\u00edbles movimientos de los pies que se deslizan de manera continua, en coordinaci\u00f3n eso s\u00ed, con el movimiento del resto de las partes del cuerpo. Si quieres saber m\u00e1s sobre este baile haz <a href=\"https:\/\/dystintodanza.com\/nuevaweb\/2020\/05\/13\/el-baile-que-arrasa-en-las-redes-shuffle\/\">click aqu\u00ed<\/a> para ver el art\u00edculo completo.<\/p>\n\n\n\n<div class=\"wp-block-image\"><figure class=\"aligncenter size-large\"><img loading=\"lazy\" decoding=\"async\" width=\"600\" height=\"289\" src=\"https:\/\/dystintodanza.com\/nuevaweb\/wp-content\/uploads\/2020\/05\/leds-shuffle-1.jpg?w=600\" alt=\"\" class=\"wp-image-822\" srcset=\"https:\/\/dystintodanza.com\/nuevaweb\/wp-content\/uploads\/2020\/05\/leds-shuffle-1.jpg 600w, https:\/\/dystintodanza.com\/nuevaweb\/wp-content\/uploads\/2020\/05\/leds-shuffle-1-300x145.jpg 300w\" sizes=\"auto, (max-width: 600px) 100vw, 600px\" \/><\/figure><\/div>\n\n\n\n<p><\/p>\n\n\n\n<div class=\"wp-block-premium-content-container\">\n<div class=\"wp-block-premium-content-subscriber-view\">\n<p><\/p>\n<\/div>\n\n\n\n<div class=\"wp-block-premium-content-logged-out-view\">\n<h3 class=\"wp-block-heading\">Subscribe to get access<\/h3>\n\n\n\n<p>Read more of this content when you subscribe today.<\/p>\n<\/div>\n<\/div>\n","protected":false},"excerpt":{"rendered":"<p>Todo sobre el mundo de la danza. Aqu\u00eda podr\u00e1s encontrar informaci\u00f3n relacionada con los diferentes tipos de bailes y todas sus variantes.<\/p>\n","protected":false},"author":1,"featured_media":684,"parent":0,"menu_order":0,"comment_status":"closed","ping_status":"closed","template":"","meta":{"footnotes":""},"class_list":["post-601","page","type-page","status-publish","has-post-thumbnail","hentry"],"_links":{"self":[{"href":"https:\/\/dystintodanza.com\/nuevaweb\/wp-json\/wp\/v2\/pages\/601","targetHints":{"allow":["GET"]}}],"collection":[{"href":"https:\/\/dystintodanza.com\/nuevaweb\/wp-json\/wp\/v2\/pages"}],"about":[{"href":"https:\/\/dystintodanza.com\/nuevaweb\/wp-json\/wp\/v2\/types\/page"}],"author":[{"embeddable":true,"href":"https:\/\/dystintodanza.com\/nuevaweb\/wp-json\/wp\/v2\/users\/1"}],"replies":[{"embeddable":true,"href":"https:\/\/dystintodanza.com\/nuevaweb\/wp-json\/wp\/v2\/comments?post=601"}],"version-history":[{"count":0,"href":"https:\/\/dystintodanza.com\/nuevaweb\/wp-json\/wp\/v2\/pages\/601\/revisions"}],"wp:featuredmedia":[{"embeddable":true,"href":"https:\/\/dystintodanza.com\/nuevaweb\/wp-json\/wp\/v2\/media\/684"}],"wp:attachment":[{"href":"https:\/\/dystintodanza.com\/nuevaweb\/wp-json\/wp\/v2\/media?parent=601"}],"curies":[{"name":"wp","href":"https:\/\/api.w.org\/{rel}","templated":true}]}}