{"id":654,"date":"2020-05-04T22:10:15","date_gmt":"2020-05-04T20:10:15","guid":{"rendered":"http:\/\/dystintodanza.com\/?page_id=654"},"modified":"2020-05-04T22:10:15","modified_gmt":"2020-05-04T20:10:15","slug":"salsa","status":"publish","type":"page","link":"https:\/\/dystintodanza.com\/nuevaweb\/bailar\/salsa\/","title":{"rendered":"salsa"},"content":{"rendered":"\n<div class=\"wp-block-cover alignfull has-background-dim-20 has-background-dim is-style-bottom-wave\" style=\"background-image:url('https:\/\/dystintodanza.com\/nuevaweb\/wp-content\/uploads\/2020\/05\/img-salsa.jpg');\"><div class=\"wp-block-cover__inner-container is-layout-flow wp-block-cover-is-layout-flow\">\n<h1 class=\"has-text-align-center wp-block-heading\">RIQUEZA MUSICAL, ALEGR\u00cdA, RITMO Y MUCHO SABOR&#8230; <\/h1>\n<\/div><\/div>\n\n\n\n<div style=\"height:16px;\" aria-hidden=\"true\" class=\"wp-block-spacer desktop-only\"><\/div>\n\n\n\n<h2 class=\"wp-block-heading\">\u00bfQu\u00e9 es salsa?<\/h2>\n\n\n\n<p>Es un baile de&nbsp;pareja (aunque tambi\u00e9n ese puede bailar s\u00f3lo) que se baila al ritmo de la m\u00fasica que tiene el mismo nombre. Creada por puertorrique\u00f1os, cubanos y otros hispanoamericanos con influencias africanas y europeas, a salsa es uno de los bailes sociales latinos m\u00e1s populares en todo el mundo por su <strong>riqueza musical, alegr\u00eda y ritmo<\/strong>.<\/p>\n\n\n\n<figure class=\"wp-block-embed-youtube wp-block-embed is-type-rich wp-embed-aspect-16-9 wp-has-aspect-ratio\"><div class=\"wp-block-embed__wrapper\">\n<iframe loading=\"lazy\" title=\"\u00bfSABES QU\u00c9 ES LA SALSA? La mejor respuesta que podr\u00e1s encontrar, ESCUCHA y lo entender\u00e1s \ud83c\udfa4 \ud83c\udfbc \ud83c\udfb9  \ud83c\udfba\ud83c\udfbb\" width=\"474\" height=\"267\" src=\"https:\/\/www.youtube.com\/embed\/GzuIUxvS8kc?feature=oembed\" frameborder=\"0\" allow=\"accelerometer; autoplay; clipboard-write; encrypted-media; gyroscope; picture-in-picture; web-share\" referrerpolicy=\"strict-origin-when-cross-origin\" allowfullscreen><\/iframe>\n<\/div><\/figure>\n\n\n\n<div class=\"wp-block-buttons is-layout-flex wp-block-buttons-is-layout-flex\">\n<div class=\"wp-block-button\"><a class=\"wp-block-button__link\" href=\"https:\/\/dystintodanza.com\/nuevaweb\/2020\/05\/12\/que-es-salsa\/\" style=\"border-radius:17px;\" rel=\"https:\/\/dystintodanza.com\/nuevaweb\/2020\/05\/12\/que-es-salsa\/\">ver articulo completo:  \u00abqu\u00e9 es salsa\u00bb<\/a><\/div>\n<\/div>\n\n\n\n<h2 class=\"wp-block-heading\">Or\u00edgenes de la Salsa<\/h2>\n\n\n\n<p>La salsa  surge a principios de la d\u00e9cada de los 70 y tiene <strong>sus ra\u00edces en el \u00abSon\u00bb cubano<\/strong>, pero hoy en d\u00eda podemos decir que es un genero tan extendido que no podemos asociar su pertenencia con ning\u00fan pa\u00eds en concreto, y si con muchos como Cuba, Puerto Rico, Colombia o Venezuela entre otros haciendo la salsa parte de su cultura.<\/p>\n\n\n\n<p>El t\u00e9rmino salsa fue dado por en 1968 fue un&nbsp;disc-jockey&nbsp;de radio&nbsp;venezolano&nbsp;de nombre Phidias Danilo Escalona, en su program <em>La hora de la salsa<\/em>, cuando estaba presentando a Richie Ray. <\/p>\n\n\n\n<div class=\"wp-block-image\"><figure class=\"aligncenter size-large\"><img loading=\"lazy\" decoding=\"async\" width=\"530\" height=\"425\" src=\"https:\/\/dystintodanza.com\/nuevaweb\/wp-content\/uploads\/2020\/05\/lafania-salsa.jpg?w=530\" alt=\"\" class=\"wp-image-704\" srcset=\"https:\/\/dystintodanza.com\/nuevaweb\/wp-content\/uploads\/2020\/05\/lafania-salsa.jpg 530w, https:\/\/dystintodanza.com\/nuevaweb\/wp-content\/uploads\/2020\/05\/lafania-salsa-300x241.jpg 300w\" sizes=\"auto, (max-width: 530px) 100vw, 530px\" \/><\/figure><\/div>\n\n\n\n<h2 class=\"wp-block-heading\">\u00bfQue estilos de salsa puedo bailar?<\/h2>\n\n\n\n<p>Hoy en d\u00eda el baile de la salsa tiene diversos estilos provenientes de los distintos lugares de los que se desarrollo este baile. Cada estilo de salsa, aunque comparten cosas en com\u00fan, tiene su propia manera de bailar y ejecutar los pasos. Podemos identificar los diferentes estilos de salsa por la forma en que el bailador utiliza el tiempo musical o la manera en que agarra a su pareja. Cada estilo tiene variantes propias en la ejecuci\u00f3n de las figuras y vueltas, y en las influencias que se incorporan de otros bailes.<\/p>\n\n\n\n<p>Entre los diferentes estilos que podemos encontrar en la actualidad destacan <strong>salsa estilo NY, salsa estilo LA, salsa cubana, salsa puerto rico y salsa cale\u00f1a<\/strong> (Colombia).<\/p>\n\n\n\n<p>Debemos de prestar atenci\u00f3n por que algunos estilos de baile se en el tiempo 1 musical (ON1) como la salsa estilo LA y otras sobre el tiempo musical 2 (ON2) como la salsa Puero Rico. Podemos decir que en una mitad del mundo se baila ON1 y en otra ON2 \u00bfQuieres saber m\u00e1s? <\/p>\n\n\n\n<h2 class=\"wp-block-heading\">Donde y como aprender salsa <\/h2>\n\n\n\n<p>Hoy en d\u00eda puedes encontrar muchas opciones para aprender salsa en tu ciudad, cada una con sus pros y sus contras: <\/p>\n\n\n\n<p>Puedes aprender en <strong>academias de baile<\/strong> multi-disciplinares y especializadas en ritmos latinos, en <strong>salas de baile<\/strong> y <strong>salsotecas<\/strong>, por<strong> clases privadas<\/strong> o bien mediante<strong> clases de salsa online<\/strong>.<\/p>\n\n\n\n<p>En el siguiente articulo podr\u00e1s encontrar toda la informaci\u00f3n que necesitas para aprender a bailar salsa. <\/p>\n\n\n\n<div class=\"wp-block-buttons is-layout-flex wp-block-buttons-is-layout-flex\">\n<div class=\"wp-block-button\"><a class=\"wp-block-button__link\" href=\"https:\/\/dystintodanza.com\/nuevaweb\/2020\/05\/12\/donde-y-como-aprender-a-bailar-salsa\/\">VER ARTICULO COMPLETO: \u00abdonde y como aprender salsa\u00bb<\/a><\/div>\n<\/div>\n\n\n\n<hr class=\"wp-block-separator\" \/>\n\n\n\n\n\n<div style=\"height:16px;\" aria-hidden=\"true\" class=\"wp-block-spacer desktop-only\"><\/div>\n\n\n\n<hr class=\"wp-block-separator is-style-wide\" \/>\n\n\n\n<div style=\"height:16px;\" aria-hidden=\"true\" class=\"wp-block-spacer desktop-only\"><\/div>\n\n\n\n<h3 class=\"has-text-align-left wp-block-heading\">Sigue mi blog<\/h3>\n\n\n\n<p class=\"has-text-align-left\">Recibe nuevo contenido directamente en tu bandeja de entrada.<\/p>\n\n\n\n<div class=\"wp-block-jetpack-subscriptions\">[jetpack_subscription_form show_only_email_and_button=\u00bbtrue\u00bb custom_background_button_color=\u00bbundefined\u00bb custom_text_button_color=\u00bbundefined\u00bb submit_button_text=\u00bbSuscribir\u00bb submit_button_classes=\u00bbundefined\u00bb show_subscribers_total=\u00bbfalse\u00bb ]<\/div>\n","protected":false},"excerpt":{"rendered":"<p>Encuentra todo lo que necesitas saber sobre salsa, sus or\u00edgenes. lod diferentes estilos, m\u00fasica e instrumentos, donde bailar salsa, etc&#8230;<\/p>\n","protected":false},"author":1,"featured_media":0,"parent":601,"menu_order":0,"comment_status":"closed","ping_status":"closed","template":"","meta":{"footnotes":""},"class_list":["post-654","page","type-page","status-publish","hentry"],"_links":{"self":[{"href":"https:\/\/dystintodanza.com\/nuevaweb\/wp-json\/wp\/v2\/pages\/654","targetHints":{"allow":["GET"]}}],"collection":[{"href":"https:\/\/dystintodanza.com\/nuevaweb\/wp-json\/wp\/v2\/pages"}],"about":[{"href":"https:\/\/dystintodanza.com\/nuevaweb\/wp-json\/wp\/v2\/types\/page"}],"author":[{"embeddable":true,"href":"https:\/\/dystintodanza.com\/nuevaweb\/wp-json\/wp\/v2\/users\/1"}],"replies":[{"embeddable":true,"href":"https:\/\/dystintodanza.com\/nuevaweb\/wp-json\/wp\/v2\/comments?post=654"}],"version-history":[{"count":0,"href":"https:\/\/dystintodanza.com\/nuevaweb\/wp-json\/wp\/v2\/pages\/654\/revisions"}],"up":[{"embeddable":true,"href":"https:\/\/dystintodanza.com\/nuevaweb\/wp-json\/wp\/v2\/pages\/601"}],"wp:attachment":[{"href":"https:\/\/dystintodanza.com\/nuevaweb\/wp-json\/wp\/v2\/media?parent=654"}],"curies":[{"name":"wp","href":"https:\/\/api.w.org\/{rel}","templated":true}]}}