{"id":67,"date":"2017-09-02T23:02:44","date_gmt":"2017-09-02T23:02:44","guid":{"rendered":"https:\/\/dystintodanza.wordpress.com\/?page_id=67"},"modified":"2026-01-12T17:17:19","modified_gmt":"2026-01-12T17:17:19","slug":"grupo-dystinto-son","status":"publish","type":"page","link":"https:\/\/dystintodanza.com\/nuevaweb\/grupo-dystinto-son\/","title":{"rendered":"Grupo Dystinto Son"},"content":{"rendered":"\n<p>Dystinto Son, fusiona diferentes disciplinas de la danza con la Salsa y todas sus variantes como motor principal de sus coreograf\u00edas, grupo creado en 2016, dirigido y coreografiado por Diego P\u00e9rez Senis. <strong>Bicampeones de Espa\u00f1a 2018 y 2019<\/strong> en la categor\u00eda de grupos de la <sub>  <\/sub>Federaci\u00f3n Espa\u00f1ola de baile deportivo y <strong>Subcampeones en 2017.<\/strong><br>Finalistas en el Mundial de pasos libres de La Negra 2022.<br>Parte del cuerpo de baile en el musical <strong>\u00abUn swing por la Habana\u00bb<\/strong> dirigida por el maestro Javier Monier.<\/p>\n\n\n\n<p>En el 2017 hacen a petici\u00f3n de <strong>Netflix<\/strong> su coreograf\u00eda <strong>\u00abEl Cartel de la Salsa\u00bb<\/strong> basada en la conocida serie <strong>\u00abNarcos\u00bb<\/strong>.<\/p>\n\n\n\n<p>Toda la info actualizada en nuestra fan page de Facebook: <a href=\"https:\/\/www.facebook.com\/dystintoson\/\">https:\/\/www.facebook.com\/dystintoson\/<\/a><\/p>\n\n\n\n<p>O bien atrav\u00e9s de instagram @dystintoson<\/p>\n\n\n\n<figure class=\"wp-block-embed is-type-video is-provider-youtube wp-block-embed-youtube wp-embed-aspect-16-9 wp-has-aspect-ratio\"><div class=\"wp-block-embed__wrapper\">\n<iframe loading=\"lazy\" title=\"Team Dystinto Son\" width=\"474\" height=\"267\" src=\"https:\/\/www.youtube.com\/embed\/IpZ9UAJP8EQ?feature=oembed\" frameborder=\"0\" allow=\"accelerometer; autoplay; clipboard-write; encrypted-media; gyroscope; picture-in-picture; web-share\" referrerpolicy=\"strict-origin-when-cross-origin\" allowfullscreen><\/iframe>\n<\/div><figcaption class=\"wp-element-caption\">Team Dystinto Son<\/figcaption><\/figure>\n\n\n\n<figure class=\"wp-block-embed is-type-video is-provider-youtube wp-block-embed-youtube wp-embed-aspect-16-9 wp-has-aspect-ratio\"><div class=\"wp-block-embed__wrapper\">\n<iframe loading=\"lazy\" title=\"DYSTINTO SON - Finalista Equipos XI Mundial de Pasos Libres La Negra Salsa 2022\" width=\"474\" height=\"267\" src=\"https:\/\/www.youtube.com\/embed\/tFmhYPBavVU?feature=oembed\" frameborder=\"0\" allow=\"accelerometer; autoplay; clipboard-write; encrypted-media; gyroscope; picture-in-picture; web-share\" referrerpolicy=\"strict-origin-when-cross-origin\" allowfullscreen><\/iframe>\n<\/div><figcaption class=\"wp-element-caption\">\u00daltimo show  estrenado \u00abBienvenidos\u00bb<\/figcaption><\/figure>\n\n\n\n<figure class=\"wp-block-image alignnone size-full wp-image-526\"><img loading=\"lazy\" decoding=\"async\" width=\"1100\" height=\"733\" src=\"https:\/\/dystintodanza.com\/nuevaweb\/wp-content\/uploads\/2020\/02\/cubaret-salto.jpg\" alt=\"Coreo Cubaret Dystinto Son campeones de Espa\u00f1a 2019\" class=\"wp-image-526\" srcset=\"https:\/\/dystintodanza.com\/nuevaweb\/wp-content\/uploads\/2020\/02\/cubaret-salto.jpg 1100w, https:\/\/dystintodanza.com\/nuevaweb\/wp-content\/uploads\/2020\/02\/cubaret-salto-300x200.jpg 300w, https:\/\/dystintodanza.com\/nuevaweb\/wp-content\/uploads\/2020\/02\/cubaret-salto-1024x682.jpg 1024w, https:\/\/dystintodanza.com\/nuevaweb\/wp-content\/uploads\/2020\/02\/cubaret-salto-768x512.jpg 768w\" sizes=\"auto, (max-width: 1100px) 100vw, 1100px\" \/><figcaption class=\"wp-element-caption\">Coreograf\u00eda \u00abCubaret\u00bb Campeones de Espa\u00f1a 2019<\/figcaption><\/figure>\n\n\n\n<figure class=\"wp-block-image alignnone size-full wp-image-346 is-style-default\"><img loading=\"lazy\" decoding=\"async\" width=\"2048\" height=\"1367\" src=\"https:\/\/dystintodanza.com\/nuevaweb\/wp-content\/uploads\/2018\/07\/foto-campeonato-1.jpg\" alt=\"Coreo Yemaya  de Dysitno Son campeones de Espa\u00f1a 2018\" class=\"wp-image-346\" srcset=\"https:\/\/dystintodanza.com\/nuevaweb\/wp-content\/uploads\/2018\/07\/foto-campeonato-1.jpg 2048w, https:\/\/dystintodanza.com\/nuevaweb\/wp-content\/uploads\/2018\/07\/foto-campeonato-1-300x200.jpg 300w, https:\/\/dystintodanza.com\/nuevaweb\/wp-content\/uploads\/2018\/07\/foto-campeonato-1-1024x684.jpg 1024w, https:\/\/dystintodanza.com\/nuevaweb\/wp-content\/uploads\/2018\/07\/foto-campeonato-1-768x513.jpg 768w, https:\/\/dystintodanza.com\/nuevaweb\/wp-content\/uploads\/2018\/07\/foto-campeonato-1-1536x1025.jpg 1536w, https:\/\/dystintodanza.com\/nuevaweb\/wp-content\/uploads\/2018\/07\/foto-campeonato-1-1568x1047.jpg 1568w\" sizes=\"auto, (max-width: 2048px) 100vw, 2048px\" \/><figcaption class=\"wp-element-caption\">Coreograf\u00eda \u00abYemaya\u00bb Campeones de Espa\u00f1a 2018<\/figcaption><\/figure>\n\n\n\n<figure class=\"wp-block-image alignnone size-full wp-image-527\"><img decoding=\"async\" src=\"https:\/\/dystintodanza.com\/nuevaweb\/wp-content\/uploads\/2020\/02\/dystinto-hh1.jpg\" alt=\"Coreograf\u00eda &quot;Somos el Son&quot; Subcampeones de Espa\u00f1a 2017\" class=\"wp-image-527\"\/><figcaption class=\"wp-element-caption\"><em>Coreograf\u00eda \u00abSomos el Son\u00bb Subcampeones de Espa\u00f1a 2017<\/em><\/figcaption><\/figure>\n\n\n\n<figure class=\"wp-block-image alignnone size-full wp-image-167\"><img loading=\"lazy\" decoding=\"async\" width=\"900\" height=\"513\" src=\"https:\/\/dystintodanza.com\/nuevaweb\/wp-content\/uploads\/2017\/09\/photocall-narcos-web.jpg\" alt=\"Coreograf\u00eda &quot;El cartel de la Salsa&quot; para NETFLIX (serie Narcos)\" class=\"wp-image-167\" srcset=\"https:\/\/dystintodanza.com\/nuevaweb\/wp-content\/uploads\/2017\/09\/photocall-narcos-web.jpg 900w, https:\/\/dystintodanza.com\/nuevaweb\/wp-content\/uploads\/2017\/09\/photocall-narcos-web-300x171.jpg 300w, https:\/\/dystintodanza.com\/nuevaweb\/wp-content\/uploads\/2017\/09\/photocall-narcos-web-768x438.jpg 768w\" sizes=\"auto, (max-width: 900px) 100vw, 900px\" \/><figcaption class=\"wp-element-caption\"><em>Coreograf\u00eda \u00abEl cartel de la Salsa\u00bb para NETFLIX (serie Narcos<\/em>)<\/figcaption><\/figure>\n\n\n\n<p><\/p>\n\n\n\n<p>Equipo:<\/p>\n\n\n\n<div class=\"wp-block-media-text alignwide is-stacked-on-mobile\" style=\"grid-template-columns:26% auto\"><figure class=\"wp-block-media-text__media\"><img loading=\"lazy\" decoding=\"async\" width=\"752\" height=\"1024\" src=\"https:\/\/dystintodanza.com\/nuevaweb\/wp-content\/uploads\/2022\/12\/Diego-IMG_20220917_164045-752x1024.jpg\" alt=\"\" class=\"wp-image-1871 size-full\" srcset=\"https:\/\/dystintodanza.com\/nuevaweb\/wp-content\/uploads\/2022\/12\/Diego-IMG_20220917_164045-752x1024.jpg 752w, https:\/\/dystintodanza.com\/nuevaweb\/wp-content\/uploads\/2022\/12\/Diego-IMG_20220917_164045-220x300.jpg 220w, https:\/\/dystintodanza.com\/nuevaweb\/wp-content\/uploads\/2022\/12\/Diego-IMG_20220917_164045-768x1045.jpg 768w, https:\/\/dystintodanza.com\/nuevaweb\/wp-content\/uploads\/2022\/12\/Diego-IMG_20220917_164045-1129x1536.jpg 1129w, https:\/\/dystintodanza.com\/nuevaweb\/wp-content\/uploads\/2022\/12\/Diego-IMG_20220917_164045-1505x2048.jpg 1505w, https:\/\/dystintodanza.com\/nuevaweb\/wp-content\/uploads\/2022\/12\/Diego-IMG_20220917_164045-scaled.jpg 1881w\" sizes=\"auto, (max-width: 752px) 100vw, 752px\" \/><\/figure><div class=\"wp-block-media-text__content\">\n<p class=\"has-large-font-size\">Diego P\u00e9rez Senis<\/p>\n\n\n\n<p>Director y core\u00f3grafo del grupo, 2 veces campe\u00f3n de Espa\u00f1a en grupos con Dystinto Son, plata y bronce en salsa shine, segunda posici\u00f3n en cambrils 2018 internacional salsa shine.<br><\/p>\n<\/div><\/div>\n\n\n\n<figure class=\"wp-block-gallery has-nested-images columns-default is-cropped wp-block-gallery-1 is-layout-flex wp-block-gallery-is-layout-flex\">\n<figure class=\"wp-block-image size-large\"><a href=\"https:\/\/dystintodanza.com\/nuevaweb\/wp-content\/uploads\/2022\/12\/Lidi-IMG_20220917_163109-scaled.jpg\"><img loading=\"lazy\" decoding=\"async\" width=\"755\" height=\"1024\" data-id=\"1879\" src=\"https:\/\/dystintodanza.com\/nuevaweb\/wp-content\/uploads\/2022\/12\/Lidi-IMG_20220917_163109-755x1024.jpg\" alt=\"\" class=\"wp-image-1879\" srcset=\"https:\/\/dystintodanza.com\/nuevaweb\/wp-content\/uploads\/2022\/12\/Lidi-IMG_20220917_163109-755x1024.jpg 755w, https:\/\/dystintodanza.com\/nuevaweb\/wp-content\/uploads\/2022\/12\/Lidi-IMG_20220917_163109-221x300.jpg 221w, https:\/\/dystintodanza.com\/nuevaweb\/wp-content\/uploads\/2022\/12\/Lidi-IMG_20220917_163109-768x1042.jpg 768w, https:\/\/dystintodanza.com\/nuevaweb\/wp-content\/uploads\/2022\/12\/Lidi-IMG_20220917_163109-1133x1536.jpg 1133w, https:\/\/dystintodanza.com\/nuevaweb\/wp-content\/uploads\/2022\/12\/Lidi-IMG_20220917_163109-1510x2048.jpg 1510w, https:\/\/dystintodanza.com\/nuevaweb\/wp-content\/uploads\/2022\/12\/Lidi-IMG_20220917_163109-scaled.jpg 1888w\" sizes=\"auto, (max-width: 755px) 100vw, 755px\" \/><\/a><figcaption class=\"wp-element-caption\">Lidia<\/figcaption><\/figure>\n\n\n\n<figure class=\"wp-block-image size-large\"><a href=\"https:\/\/dystintodanza.com\/nuevaweb\/wp-content\/uploads\/2022\/12\/Jesus-IMG_20220917_161903-scaled.jpg\"><img loading=\"lazy\" decoding=\"async\" width=\"719\" height=\"1024\" data-id=\"1877\" src=\"https:\/\/dystintodanza.com\/nuevaweb\/wp-content\/uploads\/2022\/12\/Jesus-IMG_20220917_161903-719x1024.jpg\" alt=\"\" class=\"wp-image-1877\" srcset=\"https:\/\/dystintodanza.com\/nuevaweb\/wp-content\/uploads\/2022\/12\/Jesus-IMG_20220917_161903-719x1024.jpg 719w, https:\/\/dystintodanza.com\/nuevaweb\/wp-content\/uploads\/2022\/12\/Jesus-IMG_20220917_161903-211x300.jpg 211w, https:\/\/dystintodanza.com\/nuevaweb\/wp-content\/uploads\/2022\/12\/Jesus-IMG_20220917_161903-768x1094.jpg 768w, https:\/\/dystintodanza.com\/nuevaweb\/wp-content\/uploads\/2022\/12\/Jesus-IMG_20220917_161903-1079x1536.jpg 1079w, https:\/\/dystintodanza.com\/nuevaweb\/wp-content\/uploads\/2022\/12\/Jesus-IMG_20220917_161903-1438x2048.jpg 1438w, https:\/\/dystintodanza.com\/nuevaweb\/wp-content\/uploads\/2022\/12\/Jesus-IMG_20220917_161903-scaled.jpg 1798w\" sizes=\"auto, (max-width: 719px) 100vw, 719px\" \/><\/a><figcaption class=\"wp-element-caption\">Jes\u00fas<\/figcaption><\/figure>\n\n\n\n<figure class=\"wp-block-image size-large\"><a href=\"https:\/\/dystintodanza.com\/nuevaweb\/wp-content\/uploads\/2022\/12\/Eva-IMG_20220917_162829-scaled.jpg\"><img loading=\"lazy\" decoding=\"async\" width=\"688\" height=\"1024\" data-id=\"1875\" src=\"https:\/\/dystintodanza.com\/nuevaweb\/wp-content\/uploads\/2022\/12\/Eva-IMG_20220917_162829-688x1024.jpg\" alt=\"\" class=\"wp-image-1875\" srcset=\"https:\/\/dystintodanza.com\/nuevaweb\/wp-content\/uploads\/2022\/12\/Eva-IMG_20220917_162829-688x1024.jpg 688w, https:\/\/dystintodanza.com\/nuevaweb\/wp-content\/uploads\/2022\/12\/Eva-IMG_20220917_162829-201x300.jpg 201w, https:\/\/dystintodanza.com\/nuevaweb\/wp-content\/uploads\/2022\/12\/Eva-IMG_20220917_162829-768x1144.jpg 768w, https:\/\/dystintodanza.com\/nuevaweb\/wp-content\/uploads\/2022\/12\/Eva-IMG_20220917_162829-1032x1536.jpg 1032w, https:\/\/dystintodanza.com\/nuevaweb\/wp-content\/uploads\/2022\/12\/Eva-IMG_20220917_162829-1375x2048.jpg 1375w, https:\/\/dystintodanza.com\/nuevaweb\/wp-content\/uploads\/2022\/12\/Eva-IMG_20220917_162829-scaled.jpg 1719w\" sizes=\"auto, (max-width: 688px) 100vw, 688px\" \/><\/a><figcaption class=\"wp-element-caption\">Eva Casado<\/figcaption><\/figure>\n\n\n\n<figure class=\"wp-block-image size-large\"><a href=\"https:\/\/dystintodanza.com\/nuevaweb\/wp-content\/uploads\/2022\/12\/Nestor-IMG_20220917_162355-scaled.jpg\"><img loading=\"lazy\" decoding=\"async\" width=\"738\" height=\"1024\" data-id=\"1880\" src=\"https:\/\/dystintodanza.com\/nuevaweb\/wp-content\/uploads\/2022\/12\/Nestor-IMG_20220917_162355-738x1024.jpg\" alt=\"\" class=\"wp-image-1880\" srcset=\"https:\/\/dystintodanza.com\/nuevaweb\/wp-content\/uploads\/2022\/12\/Nestor-IMG_20220917_162355-738x1024.jpg 738w, https:\/\/dystintodanza.com\/nuevaweb\/wp-content\/uploads\/2022\/12\/Nestor-IMG_20220917_162355-216x300.jpg 216w, https:\/\/dystintodanza.com\/nuevaweb\/wp-content\/uploads\/2022\/12\/Nestor-IMG_20220917_162355-768x1065.jpg 768w, https:\/\/dystintodanza.com\/nuevaweb\/wp-content\/uploads\/2022\/12\/Nestor-IMG_20220917_162355-1108x1536.jpg 1108w, https:\/\/dystintodanza.com\/nuevaweb\/wp-content\/uploads\/2022\/12\/Nestor-IMG_20220917_162355-1477x2048.jpg 1477w, https:\/\/dystintodanza.com\/nuevaweb\/wp-content\/uploads\/2022\/12\/Nestor-IMG_20220917_162355-scaled.jpg 1846w\" sizes=\"auto, (max-width: 738px) 100vw, 738px\" \/><\/a><figcaption class=\"wp-element-caption\">Nestor<\/figcaption><\/figure>\n\n\n\n<figure class=\"wp-block-image size-large\"><a href=\"https:\/\/dystintodanza.com\/nuevaweb\/wp-content\/uploads\/2022\/12\/Esther-IMG_20220917_162427-scaled.jpg\"><img loading=\"lazy\" decoding=\"async\" width=\"650\" height=\"1024\" data-id=\"1874\" src=\"https:\/\/dystintodanza.com\/nuevaweb\/wp-content\/uploads\/2022\/12\/Esther-IMG_20220917_162427-650x1024.jpg\" alt=\"\" class=\"wp-image-1874\" srcset=\"https:\/\/dystintodanza.com\/nuevaweb\/wp-content\/uploads\/2022\/12\/Esther-IMG_20220917_162427-650x1024.jpg 650w, https:\/\/dystintodanza.com\/nuevaweb\/wp-content\/uploads\/2022\/12\/Esther-IMG_20220917_162427-191x300.jpg 191w, https:\/\/dystintodanza.com\/nuevaweb\/wp-content\/uploads\/2022\/12\/Esther-IMG_20220917_162427-768x1209.jpg 768w, https:\/\/dystintodanza.com\/nuevaweb\/wp-content\/uploads\/2022\/12\/Esther-IMG_20220917_162427-976x1536.jpg 976w, https:\/\/dystintodanza.com\/nuevaweb\/wp-content\/uploads\/2022\/12\/Esther-IMG_20220917_162427-1301x2048.jpg 1301w, https:\/\/dystintodanza.com\/nuevaweb\/wp-content\/uploads\/2022\/12\/Esther-IMG_20220917_162427-scaled.jpg 1626w\" sizes=\"auto, (max-width: 650px) 100vw, 650px\" \/><\/a><figcaption class=\"wp-element-caption\">Esther <\/figcaption><\/figure>\n\n\n\n<figure class=\"wp-block-image size-large\"><a href=\"https:\/\/dystintodanza.com\/nuevaweb\/wp-content\/uploads\/2022\/12\/Jose-IMG_20220917_162644-scaled.jpg\"><img loading=\"lazy\" decoding=\"async\" width=\"726\" height=\"1024\" data-id=\"1878\" src=\"https:\/\/dystintodanza.com\/nuevaweb\/wp-content\/uploads\/2022\/12\/Jose-IMG_20220917_162644-726x1024.jpg\" alt=\"\" class=\"wp-image-1878\" srcset=\"https:\/\/dystintodanza.com\/nuevaweb\/wp-content\/uploads\/2022\/12\/Jose-IMG_20220917_162644-726x1024.jpg 726w, https:\/\/dystintodanza.com\/nuevaweb\/wp-content\/uploads\/2022\/12\/Jose-IMG_20220917_162644-213x300.jpg 213w, https:\/\/dystintodanza.com\/nuevaweb\/wp-content\/uploads\/2022\/12\/Jose-IMG_20220917_162644-768x1084.jpg 768w, https:\/\/dystintodanza.com\/nuevaweb\/wp-content\/uploads\/2022\/12\/Jose-IMG_20220917_162644-1088x1536.jpg 1088w, https:\/\/dystintodanza.com\/nuevaweb\/wp-content\/uploads\/2022\/12\/Jose-IMG_20220917_162644-1451x2048.jpg 1451w, https:\/\/dystintodanza.com\/nuevaweb\/wp-content\/uploads\/2022\/12\/Jose-IMG_20220917_162644-scaled.jpg 1814w\" sizes=\"auto, (max-width: 726px) 100vw, 726px\" \/><\/a><figcaption class=\"wp-element-caption\">Jos\u00e9<\/figcaption><\/figure>\n\n\n\n<figure class=\"wp-block-image size-large\"><a href=\"https:\/\/dystintodanza.com\/nuevaweb\/wp-content\/uploads\/2022\/12\/Neyi-IMG_20220917_163251-scaled.jpg\"><img loading=\"lazy\" decoding=\"async\" width=\"715\" height=\"1024\" data-id=\"1881\" src=\"https:\/\/dystintodanza.com\/nuevaweb\/wp-content\/uploads\/2022\/12\/Neyi-IMG_20220917_163251-715x1024.jpg\" alt=\"\" class=\"wp-image-1881\" srcset=\"https:\/\/dystintodanza.com\/nuevaweb\/wp-content\/uploads\/2022\/12\/Neyi-IMG_20220917_163251-715x1024.jpg 715w, https:\/\/dystintodanza.com\/nuevaweb\/wp-content\/uploads\/2022\/12\/Neyi-IMG_20220917_163251-209x300.jpg 209w, https:\/\/dystintodanza.com\/nuevaweb\/wp-content\/uploads\/2022\/12\/Neyi-IMG_20220917_163251-768x1100.jpg 768w, https:\/\/dystintodanza.com\/nuevaweb\/wp-content\/uploads\/2022\/12\/Neyi-IMG_20220917_163251-1073x1536.jpg 1073w, https:\/\/dystintodanza.com\/nuevaweb\/wp-content\/uploads\/2022\/12\/Neyi-IMG_20220917_163251-1430x2048.jpg 1430w, https:\/\/dystintodanza.com\/nuevaweb\/wp-content\/uploads\/2022\/12\/Neyi-IMG_20220917_163251-scaled.jpg 1788w\" sizes=\"auto, (max-width: 715px) 100vw, 715px\" \/><\/a><figcaption class=\"wp-element-caption\">Neyi<\/figcaption><\/figure>\n\n\n\n<figure class=\"wp-block-image size-large\"><a href=\"https:\/\/dystintodanza.com\/nuevaweb\/wp-content\/uploads\/2022\/12\/Pedro-IMG_20220917_161810-scaled.jpg\"><img loading=\"lazy\" decoding=\"async\" width=\"686\" height=\"1024\" data-id=\"1882\" src=\"https:\/\/dystintodanza.com\/nuevaweb\/wp-content\/uploads\/2022\/12\/Pedro-IMG_20220917_161810-686x1024.jpg\" alt=\"\" class=\"wp-image-1882\" srcset=\"https:\/\/dystintodanza.com\/nuevaweb\/wp-content\/uploads\/2022\/12\/Pedro-IMG_20220917_161810-686x1024.jpg 686w, https:\/\/dystintodanza.com\/nuevaweb\/wp-content\/uploads\/2022\/12\/Pedro-IMG_20220917_161810-201x300.jpg 201w, https:\/\/dystintodanza.com\/nuevaweb\/wp-content\/uploads\/2022\/12\/Pedro-IMG_20220917_161810-768x1146.jpg 768w, https:\/\/dystintodanza.com\/nuevaweb\/wp-content\/uploads\/2022\/12\/Pedro-IMG_20220917_161810-1030x1536.jpg 1030w, https:\/\/dystintodanza.com\/nuevaweb\/wp-content\/uploads\/2022\/12\/Pedro-IMG_20220917_161810-1373x2048.jpg 1373w, https:\/\/dystintodanza.com\/nuevaweb\/wp-content\/uploads\/2022\/12\/Pedro-IMG_20220917_161810-scaled.jpg 1716w\" sizes=\"auto, (max-width: 686px) 100vw, 686px\" \/><\/a><figcaption class=\"wp-element-caption\">Pedro<\/figcaption><\/figure>\n\n\n\n<figure class=\"wp-block-image size-large\"><a href=\"https:\/\/dystintodanza.com\/nuevaweb\/wp-content\/uploads\/2022\/12\/Evuchi-IMG_20220917_163615-scaled.jpg\"><img loading=\"lazy\" decoding=\"async\" width=\"698\" height=\"1024\" data-id=\"1876\" src=\"https:\/\/dystintodanza.com\/nuevaweb\/wp-content\/uploads\/2022\/12\/Evuchi-IMG_20220917_163615-698x1024.jpg\" alt=\"\" class=\"wp-image-1876\" srcset=\"https:\/\/dystintodanza.com\/nuevaweb\/wp-content\/uploads\/2022\/12\/Evuchi-IMG_20220917_163615-698x1024.jpg 698w, https:\/\/dystintodanza.com\/nuevaweb\/wp-content\/uploads\/2022\/12\/Evuchi-IMG_20220917_163615-205x300.jpg 205w, https:\/\/dystintodanza.com\/nuevaweb\/wp-content\/uploads\/2022\/12\/Evuchi-IMG_20220917_163615-768x1126.jpg 768w, https:\/\/dystintodanza.com\/nuevaweb\/wp-content\/uploads\/2022\/12\/Evuchi-IMG_20220917_163615-1048x1536.jpg 1048w, https:\/\/dystintodanza.com\/nuevaweb\/wp-content\/uploads\/2022\/12\/Evuchi-IMG_20220917_163615-1397x2048.jpg 1397w, https:\/\/dystintodanza.com\/nuevaweb\/wp-content\/uploads\/2022\/12\/Evuchi-IMG_20220917_163615-scaled.jpg 1746w\" sizes=\"auto, (max-width: 698px) 100vw, 698px\" \/><\/a><figcaption class=\"wp-element-caption\">Eva Vidal<\/figcaption><\/figure>\n<\/figure>\n","protected":false},"excerpt":{"rendered":"<p>Dystinto Son, fusiona diferentes disciplinas de la danza con la Salsa y todas sus variantes como motor principal de sus coreograf\u00edas, grupo creado en 2016, dirigido y coreografiado por Diego P\u00e9rez Senis. Bicampeones de Espa\u00f1a 2018 y 2019 en la categor\u00eda de grupos de la Federaci\u00f3n Espa\u00f1ola de baile deportivo y Subcampeones en 2017.Finalistas en &hellip; <a href=\"https:\/\/dystintodanza.com\/nuevaweb\/grupo-dystinto-son\/\" class=\"more-link\">Seguir leyendo <span class=\"screen-reader-text\">Grupo Dystinto Son<\/span> <span class=\"meta-nav\">&rarr;<\/span><\/a><\/p>\n","protected":false},"author":1,"featured_media":528,"parent":0,"menu_order":5,"comment_status":"closed","ping_status":"closed","template":"page-templates\/full-width.php","meta":{"footnotes":""},"class_list":["post-67","page","type-page","status-publish","has-post-thumbnail","hentry"],"_links":{"self":[{"href":"https:\/\/dystintodanza.com\/nuevaweb\/wp-json\/wp\/v2\/pages\/67","targetHints":{"allow":["GET"]}}],"collection":[{"href":"https:\/\/dystintodanza.com\/nuevaweb\/wp-json\/wp\/v2\/pages"}],"about":[{"href":"https:\/\/dystintodanza.com\/nuevaweb\/wp-json\/wp\/v2\/types\/page"}],"author":[{"embeddable":true,"href":"https:\/\/dystintodanza.com\/nuevaweb\/wp-json\/wp\/v2\/users\/1"}],"replies":[{"embeddable":true,"href":"https:\/\/dystintodanza.com\/nuevaweb\/wp-json\/wp\/v2\/comments?post=67"}],"version-history":[{"count":8,"href":"https:\/\/dystintodanza.com\/nuevaweb\/wp-json\/wp\/v2\/pages\/67\/revisions"}],"predecessor-version":[{"id":1961,"href":"https:\/\/dystintodanza.com\/nuevaweb\/wp-json\/wp\/v2\/pages\/67\/revisions\/1961"}],"wp:featuredmedia":[{"embeddable":true,"href":"https:\/\/dystintodanza.com\/nuevaweb\/wp-json\/wp\/v2\/media\/528"}],"wp:attachment":[{"href":"https:\/\/dystintodanza.com\/nuevaweb\/wp-json\/wp\/v2\/media?parent=67"}],"curies":[{"name":"wp","href":"https:\/\/api.w.org\/{rel}","templated":true}]}}